{"id":33419,"date":"2020-05-20T17:54:03","date_gmt":"2020-05-20T14:54:03","guid":{"rendered":"https:\/\/batastores.com\/?product=diamond-blade-continiour-rim-230mm"},"modified":"2024-06-28T12:47:59","modified_gmt":"2024-06-28T12:47:59","slug":"diamond-blade-continiour-rim-230mm","status":"publish","type":"product","link":"https:\/\/batastores.com\/en\/product\/diamond-blade-continiour-rim-230mm\/","title":{"rendered":"DIAMOND BLADE CONTINIOUR RIM &#8211; 230MM"},"content":{"rendered":"<table border=\"0\" cellpadding=\"0\" cellspacing=\"0\" width=\"226\" style=\"width: 169pt;\">\n<tbody>\n<tr height=\"21\" style=\"mso-height-source:userset;height:15.9pt\">\n<td height=\"21\" class=\"xl70\" width=\"226\" style=\"height:15.9pt;width:169pt\">\n<p><b>230*22,2*1,8<br \/>\n  &#8211; CI\u0118CIE NA MOKRO DO <\/b><\/p>\n<p><b>GLAZURY,&nbsp;<span style=\"background-color: transparent;\">PORCELANY, SZK\u0141A, MARMURU, WAPIENIA, SZK\u0141A<\/span><\/b><\/p>\n<p><b><span style=\"background-color: transparent;\">DIAMOND CONCENTRATION 20%<\/span><br \/><\/b><\/p>\n<p><b> GRADE JR4<\/b><\/p>\n<p><b> HARDNESS 13-16 KG<\/b><\/p>\n<p><b> BOND CU 4%, CO 12%,<br \/>\n  NI 10%<\/b><\/p>\n<p><b> BLADE 65 MN STEEL<\/b><\/p>\n<p><b>RPM 80M\/S<\/b><\/p>\n<p><b>MPA CERTIFIED<\/b><\/p>\n<\/td>\n<\/tr>\n<\/tbody>\n<\/table>\n","protected":false},"excerpt":{"rendered":"<p>230*22,2*1,8 &#8211; CI\u0118CIE NA MOKRO DO GLAZURY,&nbsp;PORCELANY, SZK\u0141A, MARMURU, WAPIENIA, SZK\u0141A DIAMOND CONCENTRATION 20% GRADE JR4 HARDNESS 13-16 KG BOND CU 4%, CO 12%, NI 10% BLADE 65 MN STEEL RPM 80M\/S MPA CERTIFIED<\/p>\n","protected":false},"featured_media":33421,"comment_status":"open","ping_status":"closed","template":"","meta":[],"product_brand":[],"product_cat":[9107],"product_tag":[24614,21466],"class_list":{"0":"post-33419","1":"product","2":"type-product","3":"status-publish","4":"has-post-thumbnail","6":"product_cat-sanding-cutting-bits","7":"product_tag-all-products","8":"product_tag---9","9":"pa_brand_nc-yato-en","10":"pa_ean_nc-5906083960154-en","13":"instock","14":"shipping-taxable","15":"purchasable","16":"product-type-simple"},"_links":{"self":[{"href":"https:\/\/batastores.com\/en\/wp-json\/wp\/v2\/product\/33419","targetHints":{"allow":["GET"]}}],"collection":[{"href":"https:\/\/batastores.com\/en\/wp-json\/wp\/v2\/product"}],"about":[{"href":"https:\/\/batastores.com\/en\/wp-json\/wp\/v2\/types\/product"}],"replies":[{"embeddable":true,"href":"https:\/\/batastores.com\/en\/wp-json\/wp\/v2\/comments?post=33419"}],"version-history":[{"count":0,"href":"https:\/\/batastores.com\/en\/wp-json\/wp\/v2\/product\/33419\/revisions"}],"wp:featuredmedia":[{"embeddable":true,"href":"https:\/\/batastores.com\/en\/wp-json\/wp\/v2\/media\/33421"}],"wp:attachment":[{"href":"https:\/\/batastores.com\/en\/wp-json\/wp\/v2\/media?parent=33419"}],"wp:term":[{"taxonomy":"product_brand","embeddable":true,"href":"https:\/\/batastores.com\/en\/wp-json\/wp\/v2\/product_brand?post=33419"},{"taxonomy":"product_cat","embeddable":true,"href":"https:\/\/batastores.com\/en\/wp-json\/wp\/v2\/product_cat?post=33419"},{"taxonomy":"product_tag","embeddable":true,"href":"https:\/\/batastores.com\/en\/wp-json\/wp\/v2\/product_tag?post=33419"}],"curies":[{"name":"wp","href":"https:\/\/api.w.org\/{rel}","templated":true}]}}